{"id":602,"date":"2018-06-12T09:41:06","date_gmt":"2018-06-12T09:41:06","guid":{"rendered":"http:\/\/www.eika.es\/radiant-heaters\/"},"modified":"2021-09-28T08:26:34","modified_gmt":"2021-09-28T08:26:34","slug":"focos-radiantes","status":"publish","type":"page","link":"https:\/\/www.eika.es\/es\/focos-radiantes","title":{"rendered":"Focos radiantes"},"content":{"rendered":"<p><strong>Hay dos versiones diferentes:<\/strong><\/p>\n<p>\u2022 Focos radiantes de fleje ondulado\u00a0 (Ribbon)<br \/>\n\u2022 Focos radiantes de hilo bobinado (Coil)<\/p>\n<p>&nbsp;<\/p>\n<p>Estos elementos aseguran un encendido r\u00e1pido, adem\u00e1s de una \u00f3ptima eficiencia energ\u00e9tica. Los materiales de aislamiento utilizados en la fabricaci\u00f3n de estos elementos son respetuosos con el medio ambiente.<\/p>\n<p class=\"raleway-b\">Los termostatos ensamblados a los elementos calefactores est\u00e1n hechos a medida y pueden suministrarse con o sin circuito de indicaci\u00f3n de calor residual.<\/p>\n<p>Eika ofrece una amplia gama de formas y tama\u00f1os, y tambi\u00e9n diferentes zonas de cocci\u00f3n simples, dobles, triples, ovales y rectangulares.<\/p>\n<p>Si eres un particular y estas buscando recambios, visita a este <a href=\"https:\/\/www.amazon.es\/eika\" target=\"_blank\" rel=\"noopener\"><strong><span style=\"color: #ff0000;\"><strong>link<\/strong><\/span><\/strong><\/a><\/p>\n","protected":false},"excerpt":{"rendered":"<p>Hay dos versiones diferentes: \u2022 Focos radiantes de fleje ondulado\u00a0 (Ribbon) \u2022 Focos radiantes de hilo bobinado (Coil) &nbsp; Estos elementos aseguran un encendido r\u00e1pido, adem\u00e1s de una \u00f3ptima eficiencia energ\u00e9tica. Los materiales de aislamiento utilizados en la fabricaci\u00f3n de estos elementos son respetuosos con el medio ambiente. Los termostatos ensamblados a los elementos calefactores [&hellip;]<\/p>\n","protected":false},"author":6,"featured_media":823,"parent":0,"menu_order":0,"comment_status":"closed","ping_status":"closed","template":"radiant-heaters.php","meta":{"_acf_changed":false,"footnotes":""},"class_list":["post-602","page","type-page","status-publish","has-post-thumbnail","hentry"],"acf":[],"_links":{"self":[{"href":"https:\/\/www.eika.es\/es\/wp-json\/wp\/v2\/pages\/602","targetHints":{"allow":["GET"]}}],"collection":[{"href":"https:\/\/www.eika.es\/es\/wp-json\/wp\/v2\/pages"}],"about":[{"href":"https:\/\/www.eika.es\/es\/wp-json\/wp\/v2\/types\/page"}],"author":[{"embeddable":true,"href":"https:\/\/www.eika.es\/es\/wp-json\/wp\/v2\/users\/6"}],"replies":[{"embeddable":true,"href":"https:\/\/www.eika.es\/es\/wp-json\/wp\/v2\/comments?post=602"}],"version-history":[{"count":8,"href":"https:\/\/www.eika.es\/es\/wp-json\/wp\/v2\/pages\/602\/revisions"}],"predecessor-version":[{"id":2127,"href":"https:\/\/www.eika.es\/es\/wp-json\/wp\/v2\/pages\/602\/revisions\/2127"}],"wp:featuredmedia":[{"embeddable":true,"href":"https:\/\/www.eika.es\/es\/wp-json\/wp\/v2\/media\/823"}],"wp:attachment":[{"href":"https:\/\/www.eika.es\/es\/wp-json\/wp\/v2\/media?parent=602"}],"curies":[{"name":"wp","href":"https:\/\/api.w.org\/{rel}","templated":true}]}}