{"id":623,"date":"2018-06-12T13:14:37","date_gmt":"2018-06-12T13:14:37","guid":{"rendered":"http:\/\/www.eika.es\/controls-for-cooktops\/"},"modified":"2020-03-25T12:36:31","modified_gmt":"2020-03-25T12:36:31","slug":"controles-para-encimeras","status":"publish","type":"page","link":"https:\/\/www.eika.es\/es\/controles-para-encimeras","title":{"rendered":"Controles para encimeras"},"content":{"rendered":"<p><strong>Conocemos en profundidad la aplicaci\u00f3n final foco\u00a0 + control t\u00e1ctil que demuestra nuestra experiencia y fortaleza innovadora.<\/strong><\/p>\n<ul>\n<li>Aplicaciones: placas radiantes, inducci\u00f3n y otros<\/li>\n<li>Tecnolog\u00edas de sensor t\u00e1ctil: capacitiva, infrarroja<\/li>\n<li>Tipos de visualizaci\u00f3n: pantallas de 7 segmentos y basadas en LED<\/li>\n<li>Funciones de cocci\u00f3n: funci\u00f3n Stop &amp; Go, encendido &#8216;P&#8217;, refuerzo &#8216;B&#8217;, calentamiento &#8216;A&#8217;, cocci\u00f3n a fuego lento, fusi\u00f3n, ebullici\u00f3n, mantener caliente, baja temperatura, cocci\u00f3n lenta, etc.<\/li>\n<li>Recordar la funci\u00f3n: memorizar y reproducir<\/li>\n<li>Extensiones (zonas dobles \/ triples): claves de acceso compartido \/ directo<\/li>\n<li>Bridge: calentadores vinculados<\/li>\n<li>Funciones de programaci\u00f3n<\/li>\n<\/ul>\n<p><strong>Especificaciones t\u00e9cnicas:<\/strong><\/p>\n<ul>\n<li>Componentes certificados (placas radiantes: EN 60730-1, EN 60730-2-11, EN 60335-1 y EN 60335-2-6 Ed.6)<\/li>\n<li>2015; UL para el mercado estadounidense disponible)<\/li>\n<li>Conexi\u00f3n fastons est\u00e1ndar de 6.3 mm<\/li>\n<li>Sistema de fijaci\u00f3n de muelles integrado (opcional)<\/li>\n<li>Sistema de ensamblaje f\u00e1cil y robusto en el marco de la encimera<\/li>\n<li>Consumo de energ\u00eda en espera &lt;0.5 W<\/li>\n<li>Rango de voltaje: 208-240 Vca, 50\/60 Hz<\/li>\n<li>Temperatura de funcionamiento: 0 a + 105\u00baC<\/li>\n<\/ul>\n","protected":false},"excerpt":{"rendered":"<p>Conocemos en profundidad la aplicaci\u00f3n final foco\u00a0 + control t\u00e1ctil que demuestra nuestra experiencia y fortaleza innovadora. Aplicaciones: placas radiantes, inducci\u00f3n y otros Tecnolog\u00edas de sensor t\u00e1ctil: capacitiva, infrarroja Tipos de visualizaci\u00f3n: pantallas de 7 segmentos y basadas en LED Funciones de cocci\u00f3n: funci\u00f3n Stop &amp; Go, encendido &#8216;P&#8217;, refuerzo &#8216;B&#8217;, calentamiento &#8216;A&#8217;, cocci\u00f3n a [&hellip;]<\/p>\n","protected":false},"author":6,"featured_media":831,"parent":0,"menu_order":0,"comment_status":"closed","ping_status":"closed","template":"control-for-cooktops.php","meta":{"_acf_changed":false,"footnotes":""},"class_list":["post-623","page","type-page","status-publish","has-post-thumbnail","hentry"],"acf":[],"_links":{"self":[{"href":"https:\/\/www.eika.es\/es\/wp-json\/wp\/v2\/pages\/623","targetHints":{"allow":["GET"]}}],"collection":[{"href":"https:\/\/www.eika.es\/es\/wp-json\/wp\/v2\/pages"}],"about":[{"href":"https:\/\/www.eika.es\/es\/wp-json\/wp\/v2\/types\/page"}],"author":[{"embeddable":true,"href":"https:\/\/www.eika.es\/es\/wp-json\/wp\/v2\/users\/6"}],"replies":[{"embeddable":true,"href":"https:\/\/www.eika.es\/es\/wp-json\/wp\/v2\/comments?post=623"}],"version-history":[{"count":6,"href":"https:\/\/www.eika.es\/es\/wp-json\/wp\/v2\/pages\/623\/revisions"}],"predecessor-version":[{"id":1836,"href":"https:\/\/www.eika.es\/es\/wp-json\/wp\/v2\/pages\/623\/revisions\/1836"}],"wp:featuredmedia":[{"embeddable":true,"href":"https:\/\/www.eika.es\/es\/wp-json\/wp\/v2\/media\/831"}],"wp:attachment":[{"href":"https:\/\/www.eika.es\/es\/wp-json\/wp\/v2\/media?parent=623"}],"curies":[{"name":"wp","href":"https:\/\/api.w.org\/{rel}","templated":true}]}}