{"id":675,"date":"2018-06-13T14:37:42","date_gmt":"2018-06-13T14:37:42","guid":{"rendered":"http:\/\/www.eika.es\/tubular-heating-elements\/"},"modified":"2018-07-20T12:54:18","modified_gmt":"2018-07-20T12:54:18","slug":"resistencias-tubulares","status":"publish","type":"page","link":"https:\/\/www.eika.es\/es\/resistencias-tubulares","title":{"rendered":"Resistencias tubulares"},"content":{"rendered":"<p class=\"Normal1\"><span style=\"font-size: 11.0pt;\">Eika fabrica elementos tubulares para electrodom\u00e9sticos, como hornos encastrados y free-standing, y tambi\u00e9n hornos microondas.<\/span><span style=\"font-size: 11.0pt;\">\u00a0<\/span><\/p>\n<p class=\"Normal1\"><span style=\"font-size: 11.0pt;\">Los dise\u00f1os de resistencias el\u00e9ctricas se realizan de acuerdo a las especificaciones t\u00e9cnicas de nuestros clientes (geometr\u00eda, dimensiones, componentes y materias primas).<\/span><\/p>\n<p class=\"Normal1\"><span style=\"font-size: 11.0pt;\">Eika ofrece elementos para funciones de cocci\u00f3n, grill y convecci\u00f3n, con un di\u00e1metro est\u00e1ndar de 6.5 mm. Otros di\u00e1metros pueden ser fabricados bajo pedido del cliente.<\/span><\/p>\n<p class=\"Normal1\"><span style=\"font-size: 11.0pt;\">Todos nuestros tubos est\u00e1n sellados en los extremos, protegi\u00e9ndolos contra la humedad durante la fabricaci\u00f3n, el almacenamiento y el uso. Fabricamos con dos tecnolog\u00edas de sellado diferentes: a base de componentes epoxi, o basados \u200b\u200ben el cierre mec\u00e1nico.<\/span><\/p>\n<p class=\"Normal1\"><span style=\"font-size: 11.0pt;\">Nuestros elementos de calentamiento tubulares est\u00e1n certificados en los institutos de acreditaci\u00f3n VDE y UL y se fabrican seg\u00fan las directivas RoHS, REACH y MATERIALES DE CONTACTO CON ALIMENTOS.<\/span><\/p>\n","protected":false},"excerpt":{"rendered":"<p>Eika fabrica elementos tubulares para electrodom\u00e9sticos, como hornos encastrados y free-standing, y tambi\u00e9n hornos microondas.\u00a0 Los dise\u00f1os de resistencias el\u00e9ctricas se realizan de acuerdo a las especificaciones t\u00e9cnicas de nuestros clientes (geometr\u00eda, dimensiones, componentes y materias primas). Eika ofrece elementos para funciones de cocci\u00f3n, grill y convecci\u00f3n, con un di\u00e1metro est\u00e1ndar de 6.5 mm. Otros [&hellip;]<\/p>\n","protected":false},"author":6,"featured_media":865,"parent":0,"menu_order":0,"comment_status":"closed","ping_status":"closed","template":"tubular-heating-elements.php","meta":{"_acf_changed":false,"footnotes":""},"class_list":["post-675","page","type-page","status-publish","has-post-thumbnail","hentry"],"acf":[],"_links":{"self":[{"href":"https:\/\/www.eika.es\/es\/wp-json\/wp\/v2\/pages\/675","targetHints":{"allow":["GET"]}}],"collection":[{"href":"https:\/\/www.eika.es\/es\/wp-json\/wp\/v2\/pages"}],"about":[{"href":"https:\/\/www.eika.es\/es\/wp-json\/wp\/v2\/types\/page"}],"author":[{"embeddable":true,"href":"https:\/\/www.eika.es\/es\/wp-json\/wp\/v2\/users\/6"}],"replies":[{"embeddable":true,"href":"https:\/\/www.eika.es\/es\/wp-json\/wp\/v2\/comments?post=675"}],"version-history":[{"count":7,"href":"https:\/\/www.eika.es\/es\/wp-json\/wp\/v2\/pages\/675\/revisions"}],"predecessor-version":[{"id":1012,"href":"https:\/\/www.eika.es\/es\/wp-json\/wp\/v2\/pages\/675\/revisions\/1012"}],"wp:featuredmedia":[{"embeddable":true,"href":"https:\/\/www.eika.es\/es\/wp-json\/wp\/v2\/media\/865"}],"wp:attachment":[{"href":"https:\/\/www.eika.es\/es\/wp-json\/wp\/v2\/media?parent=675"}],"curies":[{"name":"wp","href":"https:\/\/api.w.org\/{rel}","templated":true}]}}