{"id":678,"date":"2018-06-13T14:39:36","date_gmt":"2018-06-13T14:39:36","guid":{"rendered":"http:\/\/www.eika.es\/controls-for-ovens\/"},"modified":"2018-12-12T08:02:37","modified_gmt":"2018-12-12T08:02:37","slug":"controles-para-hornos","status":"publish","type":"page","link":"https:\/\/www.eika.es\/es\/controles-para-hornos","title":{"rendered":"Controles para hornos"},"content":{"rendered":"<p class=\"Normal1\"><strong><span style=\"font-size: 11.0pt;\">Eika tiene el conocimiento y los recursos para guiar y apoyar a los clientes con el fin de encontrar la soluci\u00f3n m\u00e1s eficiente en cada aplicaci\u00f3n.<\/span><\/strong><\/p>\n<p class=\"Normal1\"><span style=\"font-size: 11.0pt;\">\u00b7 Termostatos Capilares<\/span><\/p>\n<p class=\"Normal1\"><span style=\"font-size: 11.0pt;\">\u00b7 Termostato electr\u00f3nico &#8211; Eknob<\/span><\/p>\n<p class=\"Normal1\"><span style=\"font-size: 11.0pt;\">\u00b7 Control electr\u00f3nico para horno &#8211; Ekotime<\/span><\/p>\n","protected":false},"excerpt":{"rendered":"<p>Eika tiene el conocimiento y los recursos para guiar y apoyar a los clientes con el fin de encontrar la soluci\u00f3n m\u00e1s eficiente en cada aplicaci\u00f3n. \u00b7 Termostatos Capilares \u00b7 Termostato electr\u00f3nico &#8211; Eknob \u00b7 Control electr\u00f3nico para horno &#8211; Ekotime<\/p>\n","protected":false},"author":6,"featured_media":966,"parent":0,"menu_order":0,"comment_status":"closed","ping_status":"closed","template":"oven-controls.php","meta":{"_acf_changed":false,"footnotes":""},"class_list":["post-678","page","type-page","status-publish","has-post-thumbnail","hentry"],"acf":[],"_links":{"self":[{"href":"https:\/\/www.eika.es\/es\/wp-json\/wp\/v2\/pages\/678","targetHints":{"allow":["GET"]}}],"collection":[{"href":"https:\/\/www.eika.es\/es\/wp-json\/wp\/v2\/pages"}],"about":[{"href":"https:\/\/www.eika.es\/es\/wp-json\/wp\/v2\/types\/page"}],"author":[{"embeddable":true,"href":"https:\/\/www.eika.es\/es\/wp-json\/wp\/v2\/users\/6"}],"replies":[{"embeddable":true,"href":"https:\/\/www.eika.es\/es\/wp-json\/wp\/v2\/comments?post=678"}],"version-history":[{"count":7,"href":"https:\/\/www.eika.es\/es\/wp-json\/wp\/v2\/pages\/678\/revisions"}],"predecessor-version":[{"id":1564,"href":"https:\/\/www.eika.es\/es\/wp-json\/wp\/v2\/pages\/678\/revisions\/1564"}],"wp:featuredmedia":[{"embeddable":true,"href":"https:\/\/www.eika.es\/es\/wp-json\/wp\/v2\/media\/966"}],"wp:attachment":[{"href":"https:\/\/www.eika.es\/es\/wp-json\/wp\/v2\/media?parent=678"}],"curies":[{"name":"wp","href":"https:\/\/api.w.org\/{rel}","templated":true}]}}